{"id":1641,"date":"2018-11-14T16:44:14","date_gmt":"2018-11-14T16:44:14","guid":{"rendered":"https:\/\/adneventos.pt\/?page_id=1641"},"modified":"2024-12-27T12:03:26","modified_gmt":"2024-12-27T12:03:26","slug":"agradecemos-o-seu-pedido","status":"publish","type":"page","link":"https:\/\/adneventos.pt\/en\/thank-you-for-your-enquiry\/agradecemos-o-seu-pedido\/","title":{"rendered":"Agradecemos o Seu Pedido"},"content":{"rendered":"<p>[et_pb_section bb_built=&#8221;1&#8243;][et_pb_row][et_pb_column type=&#8221;4_4&#8243;][et_pb_image _builder_version=&#8221;3.14&#8243; src=&#8221;https:\/\/adneventos.pt\/wp-content\/uploads\/2018\/11\/logo-final.png&#8221; align=&#8221;center&#8221; max_width=&#8221;30%&#8221; \/][et_pb_text _builder_version=&#8221;3.14&#8243; text_font=&#8221;Oswald||||||||&#8221; text_font_size=&#8221;20px&#8221; text_font_size_tablet=&#8221;13px&#8221; text_font_size_last_edited=&#8221;on|tablet&#8221; text_orientation=&#8221;center&#8221; header_font=&#8221;Oswald|700||on|||||&#8221; header_text_align=&#8221;center&#8221; header_font_size=&#8221;40px&#8221; header_font_size_tablet=&#8221;20px&#8221; header_font_size_last_edited=&#8221;on|tablet&#8221; header_2_font=&#8221;Oswald|700||on|||||&#8221; header_2_text_align=&#8221;center&#8221; header_2_font_size=&#8221;25px&#8221; header_2_font_size_tablet=&#8221;15px&#8221; header_2_font_size_last_edited=&#8221;on|tablet&#8221; header_3_font=&#8221;Oswald||||||||&#8221; header_3_font_size=&#8221;30px&#8221; header_3_font_size_tablet=&#8221;15px&#8221; header_3_font_size_last_edited=&#8221;on|tablet&#8221; text_text_color=&#8221;#a5a5a5&#8243; header_2_text_color=&#8221;#a5a5a5&#8243;]<\/p>\n<h1 style=\"text-align: center;\">Agradecemos o seu pedido de informa\u00e7\u00e3o.<\/h1>\n<h2 style=\"text-align: center;\">THANK YOU FOR YOU INQUIRY.<\/h2>\n<p>&nbsp;<\/p>\n<h3 style=\"text-align: center;\">Em breve entraremos em contacto!<\/h3>\n<p style=\"text-align: center;\">Expect to hear from us soon!<\/p>\n<p>[\/et_pb_text][\/et_pb_column][\/et_pb_row][et_pb_row][et_pb_column type=&#8221;4_4&#8243;][et_pb_divider _builder_version=&#8221;3.14&#8243; \/][\/et_pb_column][\/et_pb_row][\/et_pb_section]<\/p>","protected":false},"excerpt":{"rendered":"<p><div class=\"et_pb_row et_pb_row_0 et_pb_row_empty\">\n\t\t\t\t\n\t\t\t\t\n\t\t\t\t\n\t\t\t\t\n\t\t\t\t\n\t\t\t<\/div> Agradecemos o seu pedido de informa\u00e7\u00e3o. THANK YOU FOR YOU INQUIRY. &nbsp; Em breve entraremos em contacto! Expect to hear from us soon! <div class=\"et_pb_row et_pb_row_1 et_pb_row_empty\">\n\t\t\t\t\n\t\t\t\t\n\t\t\t\t\n\t\t\t\t\n\t\t\t\t\n\t\t\t<\/div><\/p>","protected":false},"author":3,"featured_media":0,"parent":1648,"menu_order":0,"comment_status":"closed","ping_status":"closed","template":"","meta":{"_et_pb_use_builder":"on","_et_pb_old_content":"","_et_gb_content_width":"","_monsterinsights_skip_tracking":false,"_monsterinsights_sitenote_active":false,"_monsterinsights_sitenote_note":"","_monsterinsights_sitenote_category":0,"footnotes":""},"class_list":["post-1641","page","type-page","status-publish","hentry"],"yoast_head":"<!-- This site is optimized with the Yoast SEO plugin v24.3 - https:\/\/yoast.com\/wordpress\/plugins\/seo\/ -->\n<title>Agradecemos o Seu Pedido - ADN Eventos<\/title>\n<meta name=\"description\" content=\"ADN Eventos\" \/>\n<meta name=\"robots\" content=\"index, follow, max-snippet:-1, max-image-preview:large, max-video-preview:-1\" \/>\n<link rel=\"canonical\" href=\"https:\/\/adneventos.pt\/en\/thank-you-for-your-enquiry\/agradecemos-o-seu-pedido\/\" \/>\n<meta property=\"og:locale\" content=\"en_GB\" \/>\n<meta property=\"og:type\" content=\"article\" \/>\n<meta property=\"og:title\" content=\"Agradecemos o Seu Pedido - ADN Eventos\" \/>\n<meta property=\"og:description\" content=\"ADN Eventos\" \/>\n<meta property=\"og:url\" content=\"https:\/\/adneventos.pt\/en\/thank-you-for-your-enquiry\/agradecemos-o-seu-pedido\/\" \/>\n<meta property=\"og:site_name\" content=\"ADN Eventos\" \/>\n<meta property=\"article:modified_time\" content=\"2024-12-27T12:03:26+00:00\" \/>\n<meta name=\"twitter:card\" content=\"summary_large_image\" \/>\n<meta name=\"twitter:label1\" content=\"Estimated reading time\" \/>\n\t<meta name=\"twitter:data1\" content=\"1 minute\" \/>\n<script type=\"application\/ld+json\" class=\"yoast-schema-graph\">{\"@context\":\"https:\/\/schema.org\",\"@graph\":[{\"@type\":\"WebPage\",\"@id\":\"https:\/\/adneventos.pt\/thank-you-for-your-enquiry\/agradecemos-o-seu-pedido\/\",\"url\":\"https:\/\/adneventos.pt\/thank-you-for-your-enquiry\/agradecemos-o-seu-pedido\/\",\"name\":\"Agradecemos o Seu Pedido - ADN Eventos\",\"isPartOf\":{\"@id\":\"https:\/\/adneventos.pt\/#website\"},\"datePublished\":\"2018-11-14T16:44:14+00:00\",\"dateModified\":\"2024-12-27T12:03:26+00:00\",\"description\":\"ADN Eventos\",\"breadcrumb\":{\"@id\":\"https:\/\/adneventos.pt\/thank-you-for-your-enquiry\/agradecemos-o-seu-pedido\/#breadcrumb\"},\"inLanguage\":\"en-GB\",\"potentialAction\":[{\"@type\":\"ReadAction\",\"target\":[\"https:\/\/adneventos.pt\/thank-you-for-your-enquiry\/agradecemos-o-seu-pedido\/\"]}]},{\"@type\":\"BreadcrumbList\",\"@id\":\"https:\/\/adneventos.pt\/thank-you-for-your-enquiry\/agradecemos-o-seu-pedido\/#breadcrumb\",\"itemListElement\":[{\"@type\":\"ListItem\",\"position\":1,\"name\":\"In\u00edcio\",\"item\":\"https:\/\/adneventos.pt\/\"},{\"@type\":\"ListItem\",\"position\":2,\"name\":\"Thank You for Your Inquiry\",\"item\":\"https:\/\/adneventos.pt\/?page_id=1648\"},{\"@type\":\"ListItem\",\"position\":3,\"name\":\"Agradecemos o Seu Pedido\"}]},{\"@type\":\"WebSite\",\"@id\":\"https:\/\/adneventos.pt\/#website\",\"url\":\"https:\/\/adneventos.pt\/\",\"name\":\"ADN Eventos\",\"description\":\"A sua ag\u00eancia de eventos e comunica\u00e7\u00e3o!\",\"potentialAction\":[{\"@type\":\"SearchAction\",\"target\":{\"@type\":\"EntryPoint\",\"urlTemplate\":\"https:\/\/adneventos.pt\/?s={search_term_string}\"},\"query-input\":{\"@type\":\"PropertyValueSpecification\",\"valueRequired\":true,\"valueName\":\"search_term_string\"}}],\"inLanguage\":\"en-GB\"}]}<\/script>\n<!-- \/ Yoast SEO plugin. -->","yoast_head_json":{"title":"Agradecemos o Seu Pedido - ADN Eventos","description":"ADN Eventos","robots":{"index":"index","follow":"follow","max-snippet":"max-snippet:-1","max-image-preview":"max-image-preview:large","max-video-preview":"max-video-preview:-1"},"canonical":"https:\/\/adneventos.pt\/en\/thank-you-for-your-enquiry\/agradecemos-o-seu-pedido\/","og_locale":"en_GB","og_type":"article","og_title":"Agradecemos o Seu Pedido - ADN Eventos","og_description":"ADN Eventos","og_url":"https:\/\/adneventos.pt\/en\/thank-you-for-your-enquiry\/agradecemos-o-seu-pedido\/","og_site_name":"ADN Eventos","article_modified_time":"2024-12-27T12:03:26+00:00","twitter_card":"summary_large_image","twitter_misc":{"Estimated reading time":"1 minute"},"schema":{"@context":"https:\/\/schema.org","@graph":[{"@type":"WebPage","@id":"https:\/\/adneventos.pt\/thank-you-for-your-enquiry\/agradecemos-o-seu-pedido\/","url":"https:\/\/adneventos.pt\/thank-you-for-your-enquiry\/agradecemos-o-seu-pedido\/","name":"Agradecemos o Seu Pedido - ADN Eventos","isPartOf":{"@id":"https:\/\/adneventos.pt\/#website"},"datePublished":"2018-11-14T16:44:14+00:00","dateModified":"2024-12-27T12:03:26+00:00","description":"ADN Eventos","breadcrumb":{"@id":"https:\/\/adneventos.pt\/thank-you-for-your-enquiry\/agradecemos-o-seu-pedido\/#breadcrumb"},"inLanguage":"en-GB","potentialAction":[{"@type":"ReadAction","target":["https:\/\/adneventos.pt\/thank-you-for-your-enquiry\/agradecemos-o-seu-pedido\/"]}]},{"@type":"BreadcrumbList","@id":"https:\/\/adneventos.pt\/thank-you-for-your-enquiry\/agradecemos-o-seu-pedido\/#breadcrumb","itemListElement":[{"@type":"ListItem","position":1,"name":"In\u00edcio","item":"https:\/\/adneventos.pt\/"},{"@type":"ListItem","position":2,"name":"Thank You for Your Inquiry","item":"https:\/\/adneventos.pt\/?page_id=1648"},{"@type":"ListItem","position":3,"name":"Agradecemos o Seu Pedido"}]},{"@type":"WebSite","@id":"https:\/\/adneventos.pt\/#website","url":"https:\/\/adneventos.pt\/","name":"ADN Eventos","description":"A sua ag\u00eancia de eventos e comunica\u00e7\u00e3o!","potentialAction":[{"@type":"SearchAction","target":{"@type":"EntryPoint","urlTemplate":"https:\/\/adneventos.pt\/?s={search_term_string}"},"query-input":{"@type":"PropertyValueSpecification","valueRequired":true,"valueName":"search_term_string"}}],"inLanguage":"en-GB"}]}},"_links":{"self":[{"href":"https:\/\/adneventos.pt\/en\/wp-json\/wp\/v2\/pages\/1641","targetHints":{"allow":["GET"]}}],"collection":[{"href":"https:\/\/adneventos.pt\/en\/wp-json\/wp\/v2\/pages"}],"about":[{"href":"https:\/\/adneventos.pt\/en\/wp-json\/wp\/v2\/types\/page"}],"author":[{"embeddable":true,"href":"https:\/\/adneventos.pt\/en\/wp-json\/wp\/v2\/users\/3"}],"replies":[{"embeddable":true,"href":"https:\/\/adneventos.pt\/en\/wp-json\/wp\/v2\/comments?post=1641"}],"version-history":[{"count":7,"href":"https:\/\/adneventos.pt\/en\/wp-json\/wp\/v2\/pages\/1641\/revisions"}],"predecessor-version":[{"id":1724,"href":"https:\/\/adneventos.pt\/en\/wp-json\/wp\/v2\/pages\/1641\/revisions\/1724"}],"up":[{"embeddable":true,"href":"https:\/\/adneventos.pt\/en\/wp-json\/wp\/v2\/pages\/1648"}],"wp:attachment":[{"href":"https:\/\/adneventos.pt\/en\/wp-json\/wp\/v2\/media?parent=1641"}],"curies":[{"name":"wp","href":"https:\/\/api.w.org\/{rel}","templated":true}]}}