{"id":90,"date":"2018-09-13T22:09:44","date_gmt":"2018-09-13T22:09:44","guid":{"rendered":"https:\/\/adneventos.pt\/?page_id=90"},"modified":"2025-01-30T15:13:11","modified_gmt":"2025-01-30T15:13:11","slug":"sobre-nos","status":"publish","type":"page","link":"https:\/\/adneventos.pt\/en\/sobre-nos\/","title":{"rendered":"About Us"},"content":{"rendered":"<p>[et_pb_section fb_built=&#8221;1&#8243; custom_padding_last_edited=&#8221;on|phone&#8221; _builder_version=&#8221;4.16&#8243; parallax=&#8221;on&#8221; custom_padding=&#8221;110px||4px||false|false&#8221; custom_padding_tablet=&#8221;20px||4px|&#8221; custom_padding_phone=&#8221;&#8221; global_colors_info=&#8221;{}&#8221;][et_pb_row _builder_version=&#8221;4.16&#8243; locked=&#8221;off&#8221; global_colors_info=&#8221;{}&#8221;][et_pb_column type=&#8221;4_4&#8243; _builder_version=&#8221;4.16&#8243; custom_padding=&#8221;|||&#8221; global_colors_info=&#8221;{}&#8221; custom_padding__hover=&#8221;|||&#8221;][et_pb_text admin_label=&#8221;Sobre n\u00f3s &#8211; Title&#8221; _builder_version=&#8221;4.16&#8243; text_font=&#8221;||||&#8221; text_text_color=&#8221;#1a1a1a&#8221; header_font=&#8221;Oswald|on||on|&#8221; header_text_align=&#8221;center&#8221; header_font_size=&#8221;60px&#8221; header_line_height=&#8221;1.3em&#8221; module_alignment=&#8221;center&#8221; custom_margin=&#8221;|||&#8221; custom_padding=&#8221;|||&#8221; animation_style=&#8221;slide&#8221; animation_direction=&#8221;top&#8221; animation_intensity_slide=&#8221;10%&#8221; header_font_size_tablet=&#8221;30px&#8221; header_font_size_phone=&#8221;&#8221; header_font_size_last_edited=&#8221;on|phone&#8221; locked=&#8221;off&#8221; global_colors_info=&#8221;{}&#8221;]<\/p>\n<h1>About Us<\/h1>\n<p>[\/et_pb_text][et_pb_divider color=&#8221;#ed4441&#8243; divider_position=&#8221;center&#8221; divider_weight=&#8221;3px&#8221; disabled_on=&#8221;on|on|off%22&#8243; _builder_version=&#8221;4.16&#8243; max_width=&#8221;150px&#8221; module_alignment=&#8221;center&#8221; height=&#8221;false&#8221; custom_margin=&#8221;30px|||&#8221; animation_style=&#8221;slide&#8221; animation_direction=&#8221;top&#8221; animation_delay=&#8221;100ms&#8221; animation_intensity_slide=&#8221;10%&#8221; locked=&#8221;off&#8221; global_colors_info=&#8221;{}&#8221;][\/et_pb_divider][et_pb_text admin_label=&#8221;Sub Title&#8221; _builder_version=&#8221;4.16&#8243; text_font=&#8221;Roboto||||&#8221; text_text_color=&#8221;#1a1a1a&#8221; text_font_size=&#8221;20px&#8221; text_line_height=&#8221;1.4em&#8221; background_size=&#8221;initial&#8221; background_position=&#8221;top_left&#8221; background_repeat=&#8221;repeat&#8221; text_orientation=&#8221;center&#8221; max_width=&#8221;1000px&#8221; module_alignment=&#8221;center&#8221; custom_margin=&#8221;|||&#8221; custom_padding=&#8221;30px|||&#8221; custom_padding_tablet=&#8221;10px|||&#8221; custom_padding_phone=&#8221;&#8221; custom_padding_last_edited=&#8221;on|phone&#8221; animation_style=&#8221;slide&#8221; animation_direction=&#8221;top&#8221; animation_delay=&#8221;200ms&#8221; animation_intensity_slide=&#8221;10%&#8221; locked=&#8221;off&#8221; global_colors_info=&#8221;{}&#8221;]Somos uma ag\u00eancia de eventos criativa e inovadora sediada no LACS Lisbon Art and Center Studios.<br \/>\n[\/et_pb_text][et_pb_code _builder_version=&#8221;4.16&#8243; global_colors_info=&#8221;{}&#8221;]<iframe loading=\"lazy\" width=\"560\" height=\"315\" src=\"https:\/\/www.youtube.com\/embed\/Fjneeph41Lo?rel=0\" frameborder=\"0\" allow=\"autoplay; encrypted-media\" allowfullscreen><\/iframe>[\/et_pb_code][\/et_pb_column][\/et_pb_row][\/et_pb_section][et_pb_section fb_built=&#8221;1&#8243; _builder_version=&#8221;4.16&#8243; custom_padding=&#8221;0||0||false|false&#8221; global_colors_info=&#8221;{}&#8221;][et_pb_row _builder_version=&#8221;4.16&#8243; global_colors_info=&#8221;{}&#8221; column_structure=&#8221;1_2,1_2&#8243;][et_pb_column type=&#8221;1_2&#8243; _builder_version=&#8221;4.16&#8243; custom_padding=&#8221;|||&#8221; global_colors_info=&#8221;{}&#8221; custom_padding__hover=&#8221;|||&#8221;][et_pb_text _builder_version=&#8221;4.16&#8243; text_font=&#8221;Roboto||||&#8221; text_font_size=&#8221;16px&#8221; text_line_height=&#8221;1.9em&#8221; background_size=&#8221;initial&#8221; background_position=&#8221;top_left&#8221; background_repeat=&#8221;repeat&#8221; max_width=&#8221;450px&#8221; custom_margin=&#8221;10px|||&#8221; animation_style=&#8221;slide&#8221; animation_direction=&#8221;top&#8221; animation_delay=&#8221;400ms&#8221; animation_intensity_slide=&#8221;4%&#8221; locked=&#8221;off&#8221; global_colors_info=&#8221;{}&#8221;]Somos uma equipa profissional e experiente em organiza\u00e7\u00e3o e produ\u00e7\u00e3o de eventos corporativos. Temos como objetivo principal proporcionar-lhe um servi\u00e7o c\u00f3modo, completo e de excel\u00eancia nos detalhes. Porque o seu evento \u00e9 \u00fanico, a ADN Eventos desenvolve e cria conceitos de acordo com o tema do seu evento, com solu\u00e7\u00f5es \u00e0 sua medida, para que este seja verdadeiramente inesquec\u00edvel.<\/p>\n<h3><strong>Os nossos valores<\/strong><\/h3>\n<p>&#x1f4cd; Integridade<br \/>\n<strong>&#x1f4cd;\u00a0<\/strong>Excel\u00eancia<br \/>\n&#x1f4cd; Flexibilidade<br \/>\n&#x1f4cd; Inova\u00e7\u00e3o<\/p>\n<h3><strong>A nossa miss\u00e3o<\/strong><\/h3>\n<p>Prestar servi\u00e7os de eventos corporativos inovadores, excedendo sempre as expectativas dos nossos clientes, propondo empregar as melhores metodologias operacionais com o objetivo de estabelecer uma cultura de qualidade e confian\u00e7a.<br \/>\n[\/et_pb_text][\/et_pb_column][et_pb_column type=&#8221;1_2&#8243; _builder_version=&#8221;4.16&#8243; custom_padding=&#8221;|||&#8221; global_colors_info=&#8221;{}&#8221; custom_padding__hover=&#8221;|||&#8221;][et_pb_image src=&#8221;https:\/\/adneventos.pt\/wp-content\/uploads\/2018\/10\/IMG_8913-2-e1539355369293.jpg&#8221; alt=&#8221;adn eventos lacs&#8221; title_text=&#8221;ADN Eventos LACS&#8221; align=&#8221;right&#8221; align_tablet=&#8221;center&#8221; align_last_edited=&#8221;on|desktop&#8221; _builder_version=&#8221;4.16&#8243; max_width=&#8221;85%&#8221; custom_margin=&#8221;|||&#8221; animation_style=&#8221;slide&#8221; animation_duration=&#8221;500ms&#8221; animation_intensity_slide=&#8221;10%&#8221; global_colors_info=&#8221;{}&#8221; align_phone=&#8221;center&#8221;][\/et_pb_image][\/et_pb_column][\/et_pb_row][et_pb_row _builder_version=&#8221;4.16&#8243; background_size=&#8221;initial&#8221; background_position=&#8221;top_left&#8221; background_repeat=&#8221;repeat&#8221; global_colors_info=&#8221;{}&#8221;][et_pb_column type=&#8221;4_4&#8243; _builder_version=&#8221;4.16&#8243; custom_padding=&#8221;|||&#8221; global_colors_info=&#8221;{}&#8221; custom_padding__hover=&#8221;|||&#8221;][et_pb_text _builder_version=&#8221;4.16&#8243; text_font=&#8221;Roboto||||||||&#8221; text_font_size=&#8221;16px&#8221; global_colors_info=&#8221;{}&#8221;]Apostamos numa estrat\u00e9gia de antecipa\u00e7\u00e3o de necessidades, apresenta\u00e7\u00e3o de solu\u00e7\u00f5es criativas e melhoria cont\u00ednua,\u00a0criando\u00a0projetos chave na m\u00e3o\u00a0desde o desenvolvimento do conceito \u00e0 sua implementa\u00e7\u00e3o e acompanhamento. Num mercado em permanente evolu\u00e7\u00e3o, \u00e9 exigido \u00e0s empresas que comuniquem de forma positiva e constante, dentro e fora das suas estruturas.<\/p>\n<p>Os eventos que organizam fazem parte dessa identidade, o que os torna t\u00e3o importantes. Somos especialistas em eventos corporativos,\u00a0intervimos em diferentes \u00e1reas como: reuni\u00f5es de kick off e de ciclo, reuni\u00f5es de quadro, ac\u00e7\u00f5es de incentivos, atividades de team building e motiva\u00e7\u00e3o, jantares de natal,\u00a0inaugura\u00e7\u00f5es, anivers\u00e1rios de empresas, ativa\u00e7\u00f5es de marca, stands, feiras e congressos.<\/p>\n<p>Realizamos eventos a n\u00edvel nacional, mas a nossa sede \u00e9 em Lisboa. Acreditamos que podemos fazer n\u00e3o s\u00f3 de Lisboa, mas tamb\u00e9m de Portugal\u00a0o melhor destino de turismo de neg\u00f3cios do mundo. O que nos diferencia \u00e9 a proximidade aos clientes, aos parceiros e fornecedores, al\u00e9m da criatividade, qualidade e o recurso a novas tecnologias, como o 3D.<\/p>\n<p><span style=\"color: aa222a;\">Temos no nosso ADN os eventos, e essa \u00e9 a chave para o sucesso.\u00a0<\/span><br \/>\n[\/et_pb_text][\/et_pb_column][\/et_pb_row][\/et_pb_section][et_pb_section fb_built=&#8221;1&#8243; admin_label=&#8221;CTA&#8221; _builder_version=&#8221;3.14&#8243; background_image=&#8221;https:\/\/adneventos.pt\/wp-content\/uploads\/2018\/09\/travel-landscape-19.jpg&#8221; parallax=&#8221;on&#8221; custom_margin=&#8221;|||&#8221; custom_padding=&#8221;0px|||&#8221; global_module=&#8221;417&#8243; global_colors_info=&#8221;{}&#8221;][et_pb_row module_id=&#8221;KeepInTouch&#8221; _builder_version=&#8221;4.16&#8243; background_size=&#8221;initial&#8221; background_position=&#8221;top_left&#8221; background_repeat=&#8221;repeat&#8221; custom_padding=&#8221;27px|0px|0|0px|false|false&#8221; global_colors_info=&#8221;{}&#8221;][et_pb_column type=&#8221;4_4&#8243; _builder_version=&#8221;4.16&#8243; custom_padding=&#8221;|||&#8221; global_colors_info=&#8221;{}&#8221; custom_padding__hover=&#8221;|||&#8221;][et_pb_text admin_label=&#8221;Keep In Touch_PT&#8221; module_id=&#8221;contactos&#8221; _builder_version=&#8221;4.16&#8243; text_font=&#8221;Oswald|700||on|||||&#8221; text_text_color=&#8221;#ffffff&#8221; text_font_size=&#8221;60px&#8221; header_font=&#8221;Oswald|on||on|&#8221; header_text_align=&#8221;left&#8221; header_text_color=&#8221;#ffffff&#8221; header_font_size=&#8221;60px&#8221; header_line_height=&#8221;1.3em&#8221; header_4_font=&#8221;Oswald|700||on|||||&#8221; header_4_text_align=&#8221;left&#8221; header_4_text_color=&#8221;#ffffff&#8221; header_4_font_size=&#8221;60px&#8221; animation_style=&#8221;slide&#8221; animation_duration=&#8221;500ms&#8221; animation_intensity_slide=&#8221;10%&#8221; text_font_size_tablet=&#8221;30px&#8221; text_font_size_phone=&#8221;&#8221; text_font_size_last_edited=&#8221;on|tablet&#8221; global_colors_info=&#8221;{}&#8221;]<\/p>\n<p>Keep in touch!<\/p>\n<p>[\/et_pb_text][et_pb_text admin_label=&#8221;Keep in Touch Sub Title&#8221; _builder_version=&#8221;4.16&#8243; text_font=&#8221;Roboto||||&#8221; text_text_color=&#8221;#ffffff&#8221; text_font_size=&#8221;20px&#8221; text_line_height=&#8221;1.4em&#8221; animation_style=&#8221;slide&#8221; animation_direction=&#8221;top&#8221; animation_delay=&#8221;100ms&#8221; animation_intensity_slide=&#8221;10%&#8221; global_colors_info=&#8221;{}&#8221;]<\/p>\n<p>Deixe os seus contactos e muito em breve entraremos em contacto consigo!<\/p>\n<p>[\/et_pb_text][\/et_pb_column][\/et_pb_row][et_pb_row _builder_version=&#8221;4.16&#8243; custom_padding=&#8221;0|0px|0|0px|false|false&#8221; global_colors_info=&#8221;{}&#8221; column_structure=&#8221;1_2,1_2&#8243;][et_pb_column type=&#8221;1_2&#8243; _builder_version=&#8221;4.16&#8243; custom_padding=&#8221;|||&#8221; global_colors_info=&#8221;{}&#8221; custom_padding__hover=&#8221;|||&#8221;][et_pb_text _builder_version=&#8221;4.16&#8243; global_colors_info=&#8221;{}&#8221;]<\/p>\n\n<div class=\"wpcf7 no-js\" id=\"wpcf7-f1640-o1\" lang=\"pt-PT\" dir=\"ltr\" data-wpcf7-id=\"1640\">\n<div class=\"screen-reader-response\"><p role=\"status\" aria-live=\"polite\" aria-atomic=\"true\"><\/p> <ul><\/ul><\/div>\n<form action=\"\/en\/wp-json\/wp\/v2\/pages\/90#wpcf7-f1640-o1\" method=\"post\" class=\"wpcf7-form init cf7-style cf7-style-167\" aria-label=\"Formul\u00e1rio de contacto\" novalidate=\"novalidate\" data-status=\"init\" data-trp-original-action=\"\/en\/wp-json\/wp\/v2\/pages\/90#wpcf7-f1640-o1\">\n<div style=\"display: none;\">\n<input type=\"hidden\" name=\"_wpcf7\" value=\"1640\" \/>\n<input type=\"hidden\" name=\"_wpcf7_version\" value=\"6.0.3\" \/>\n<input type=\"hidden\" name=\"_wpcf7_locale\" value=\"pt_PT\" \/>\n<input type=\"hidden\" name=\"_wpcf7_unit_tag\" value=\"wpcf7-f1640-o1\" \/>\n<input type=\"hidden\" name=\"_wpcf7_container_post\" value=\"0\" \/>\n<input type=\"hidden\" name=\"_wpcf7_posted_data_hash\" value=\"\" \/>\n<input type=\"hidden\" name=\"_wpcf7_recaptcha_response\" value=\"\" \/>\n<\/div>\n<p><span class=\"wpcf7-form-control-wrap\" data-name=\"nome\"><input size=\"40\" maxlength=\"400\" class=\"wpcf7-form-control wpcf7-text wpcf7-validates-as-required\" aria-required=\"true\" aria-invalid=\"false\" placeholder=\"Nome*\" value=\"\" type=\"text\" name=\"nome\" \/><\/span><br \/>\n<span class=\"wpcf7-form-control-wrap\" data-name=\"apelido\"><input size=\"40\" maxlength=\"400\" class=\"wpcf7-form-control wpcf7-text wpcf7-validates-as-required\" aria-required=\"true\" aria-invalid=\"false\" placeholder=\"Apelido*\" value=\"\" type=\"text\" name=\"apelido\" \/><\/span><br \/>\n<span class=\"wpcf7-form-control-wrap\" data-name=\"email\"><input size=\"40\" maxlength=\"400\" class=\"wpcf7-form-control wpcf7-email wpcf7-validates-as-required wpcf7-text wpcf7-validates-as-email\" aria-required=\"true\" aria-invalid=\"false\" placeholder=\"Email*\" value=\"\" type=\"email\" name=\"email\" \/><\/span><br \/>\n<span class=\"wpcf7-form-control-wrap\" data-name=\"telemovel\"><input size=\"40\" maxlength=\"400\" class=\"wpcf7-form-control wpcf7-text wpcf7-validates-as-required\" aria-required=\"true\" aria-invalid=\"false\" placeholder=\"Telem\u00f3vel*\" value=\"\" type=\"text\" name=\"telemovel\" \/><\/span><br \/>\n<span class=\"wpcf7-form-control-wrap\" data-name=\"mensagem\"><textarea cols=\"40\" rows=\"10\" maxlength=\"2000\" class=\"wpcf7-form-control wpcf7-textarea wpcf7-validates-as-required\" aria-required=\"true\" aria-invalid=\"false\" placeholder=\"Deixe aqui a sua Mensagem*\" name=\"mensagem\"><\/textarea><\/span>\n<\/p>\n<p><input class=\"wpcf7-form-control wpcf7-submit has-spinner\" type=\"submit\" value=\"Quero ser contactado!\" \/>\n<\/p><p style=\"display: none !important;\" class=\"akismet-fields-container\" data-prefix=\"_wpcf7_ak_\"><label>&#916;<textarea name=\"_wpcf7_ak_hp_textarea\" cols=\"45\" rows=\"8\" maxlength=\"100\"><\/textarea><\/label><input type=\"hidden\" id=\"ak_js_1\" name=\"_wpcf7_ak_js\" value=\"199\"\/><script>document.getElementById( \"ak_js_1\" ).setAttribute( \"value\", ( new Date() ).getTime() );<\/script><\/p><div class=\"wpcf7-response-output\" aria-hidden=\"true\"><\/div>\n<input type=\"hidden\" name=\"trp-form-language\" value=\"en\"\/><\/form>\n<\/div>\n\n<p>[\/et_pb_text][\/et_pb_column][et_pb_column type=&#8221;1_2&#8243; _builder_version=&#8221;4.16&#8243; custom_padding=&#8221;|||&#8221; global_colors_info=&#8221;{}&#8221; custom_padding__hover=&#8221;|||&#8221;][\/et_pb_column][\/et_pb_row][\/et_pb_section]<\/p>","protected":false},"excerpt":{"rendered":"<p>Sobre N\u00f3s Somos uma ag\u00eancia de eventos criativa e inovadora sediada no LACS Lisbon Art and Center Studios. Somos uma equipa profissional e experiente em organiza\u00e7\u00e3o e produ\u00e7\u00e3o de eventos corporativos. Temos como objetivo principal proporcionar-lhe um servi\u00e7o c\u00f3modo, completo e de excel\u00eancia nos detalhes. Porque o seu evento \u00e9 \u00fanico, a ADN Eventos desenvolve [&hellip;]<\/p>","protected":false},"author":1,"featured_media":0,"parent":0,"menu_order":0,"comment_status":"closed","ping_status":"closed","template":"","meta":{"_et_pb_use_builder":"on","_et_pb_old_content":"","_et_gb_content_width":"","_monsterinsights_skip_tracking":false,"_monsterinsights_sitenote_active":false,"_monsterinsights_sitenote_note":"","_monsterinsights_sitenote_category":0,"footnotes":""},"class_list":["post-90","page","type-page","status-publish","hentry"],"yoast_head":"<!-- This site is optimized with the Yoast SEO plugin v24.3 - https:\/\/yoast.com\/wordpress\/plugins\/seo\/ -->\n<title>ADN Eventos - Ag\u00eancia de Eventos Corporativos | Sobre N\u00f3s<\/title>\n<meta name=\"description\" content=\"Porque o seu evento \u00e9 \u00fanico, a ADN Eventos desenvolve e cria conceitos de acordo com o tema do seu evento, com solu\u00e7\u00f5es \u00e0 sua medida, para que este seja...\" \/>\n<meta name=\"robots\" content=\"index, follow, max-snippet:-1, max-image-preview:large, max-video-preview:-1\" \/>\n<link rel=\"canonical\" href=\"https:\/\/adneventos.pt\/en\/sobre-nos\/\" \/>\n<meta property=\"og:locale\" content=\"en_GB\" \/>\n<meta property=\"og:type\" content=\"article\" \/>\n<meta property=\"og:title\" content=\"ADN Eventos - Ag\u00eancia de Eventos Corporativos | Sobre N\u00f3s\" \/>\n<meta property=\"og:description\" content=\"Porque o seu evento \u00e9 \u00fanico, a ADN Eventos desenvolve e cria conceitos de acordo com o tema do seu evento, com solu\u00e7\u00f5es \u00e0 sua medida, para que este seja...\" \/>\n<meta property=\"og:url\" content=\"https:\/\/adneventos.pt\/en\/sobre-nos\/\" \/>\n<meta property=\"og:site_name\" content=\"ADN Eventos\" \/>\n<meta property=\"article:modified_time\" content=\"2025-01-30T15:13:11+00:00\" \/>\n<meta name=\"twitter:card\" content=\"summary_large_image\" \/>\n<meta name=\"twitter:label1\" content=\"Estimated reading time\" \/>\n\t<meta name=\"twitter:data1\" content=\"6 minutes\" \/>\n<script type=\"application\/ld+json\" class=\"yoast-schema-graph\">{\"@context\":\"https:\/\/schema.org\",\"@graph\":[{\"@type\":\"WebPage\",\"@id\":\"https:\/\/adneventos.pt\/sobre-nos\/\",\"url\":\"https:\/\/adneventos.pt\/sobre-nos\/\",\"name\":\"ADN Eventos - Ag\u00eancia de Eventos Corporativos | Sobre N\u00f3s\",\"isPartOf\":{\"@id\":\"https:\/\/adneventos.pt\/#website\"},\"datePublished\":\"2018-09-13T22:09:44+00:00\",\"dateModified\":\"2025-01-30T15:13:11+00:00\",\"description\":\"Porque o seu evento \u00e9 \u00fanico, a ADN Eventos desenvolve e cria conceitos de acordo com o tema do seu evento, com solu\u00e7\u00f5es \u00e0 sua medida, para que este seja...\",\"breadcrumb\":{\"@id\":\"https:\/\/adneventos.pt\/sobre-nos\/#breadcrumb\"},\"inLanguage\":\"en-GB\",\"potentialAction\":[{\"@type\":\"ReadAction\",\"target\":[\"https:\/\/adneventos.pt\/sobre-nos\/\"]}]},{\"@type\":\"BreadcrumbList\",\"@id\":\"https:\/\/adneventos.pt\/sobre-nos\/#breadcrumb\",\"itemListElement\":[{\"@type\":\"ListItem\",\"position\":1,\"name\":\"In\u00edcio\",\"item\":\"https:\/\/adneventos.pt\/\"},{\"@type\":\"ListItem\",\"position\":2,\"name\":\"Sobre N\u00f3s\"}]},{\"@type\":\"WebSite\",\"@id\":\"https:\/\/adneventos.pt\/#website\",\"url\":\"https:\/\/adneventos.pt\/\",\"name\":\"ADN Eventos\",\"description\":\"A sua ag\u00eancia de eventos e comunica\u00e7\u00e3o!\",\"potentialAction\":[{\"@type\":\"SearchAction\",\"target\":{\"@type\":\"EntryPoint\",\"urlTemplate\":\"https:\/\/adneventos.pt\/?s={search_term_string}\"},\"query-input\":{\"@type\":\"PropertyValueSpecification\",\"valueRequired\":true,\"valueName\":\"search_term_string\"}}],\"inLanguage\":\"en-GB\"}]}<\/script>\n<!-- \/ Yoast SEO plugin. -->","yoast_head_json":{"title":"ADN Eventos - Ag\u00eancia de Eventos Corporativos | Sobre N\u00f3s","description":"Porque o seu evento \u00e9 \u00fanico, a ADN Eventos desenvolve e cria conceitos de acordo com o tema do seu evento, com solu\u00e7\u00f5es \u00e0 sua medida, para que este seja...","robots":{"index":"index","follow":"follow","max-snippet":"max-snippet:-1","max-image-preview":"max-image-preview:large","max-video-preview":"max-video-preview:-1"},"canonical":"https:\/\/adneventos.pt\/en\/sobre-nos\/","og_locale":"en_GB","og_type":"article","og_title":"ADN Eventos - Ag\u00eancia de Eventos Corporativos | Sobre N\u00f3s","og_description":"Porque o seu evento \u00e9 \u00fanico, a ADN Eventos desenvolve e cria conceitos de acordo com o tema do seu evento, com solu\u00e7\u00f5es \u00e0 sua medida, para que este seja...","og_url":"https:\/\/adneventos.pt\/en\/sobre-nos\/","og_site_name":"ADN Eventos","article_modified_time":"2025-01-30T15:13:11+00:00","twitter_card":"summary_large_image","twitter_misc":{"Estimated reading time":"6 minutes"},"schema":{"@context":"https:\/\/schema.org","@graph":[{"@type":"WebPage","@id":"https:\/\/adneventos.pt\/sobre-nos\/","url":"https:\/\/adneventos.pt\/sobre-nos\/","name":"ADN Eventos - Ag\u00eancia de Eventos Corporativos | Sobre N\u00f3s","isPartOf":{"@id":"https:\/\/adneventos.pt\/#website"},"datePublished":"2018-09-13T22:09:44+00:00","dateModified":"2025-01-30T15:13:11+00:00","description":"Porque o seu evento \u00e9 \u00fanico, a ADN Eventos desenvolve e cria conceitos de acordo com o tema do seu evento, com solu\u00e7\u00f5es \u00e0 sua medida, para que este seja...","breadcrumb":{"@id":"https:\/\/adneventos.pt\/sobre-nos\/#breadcrumb"},"inLanguage":"en-GB","potentialAction":[{"@type":"ReadAction","target":["https:\/\/adneventos.pt\/sobre-nos\/"]}]},{"@type":"BreadcrumbList","@id":"https:\/\/adneventos.pt\/sobre-nos\/#breadcrumb","itemListElement":[{"@type":"ListItem","position":1,"name":"In\u00edcio","item":"https:\/\/adneventos.pt\/"},{"@type":"ListItem","position":2,"name":"Sobre N\u00f3s"}]},{"@type":"WebSite","@id":"https:\/\/adneventos.pt\/#website","url":"https:\/\/adneventos.pt\/","name":"ADN Eventos","description":"A sua ag\u00eancia de eventos e comunica\u00e7\u00e3o!","potentialAction":[{"@type":"SearchAction","target":{"@type":"EntryPoint","urlTemplate":"https:\/\/adneventos.pt\/?s={search_term_string}"},"query-input":{"@type":"PropertyValueSpecification","valueRequired":true,"valueName":"search_term_string"}}],"inLanguage":"en-GB"}]}},"_links":{"self":[{"href":"https:\/\/adneventos.pt\/en\/wp-json\/wp\/v2\/pages\/90","targetHints":{"allow":["GET"]}}],"collection":[{"href":"https:\/\/adneventos.pt\/en\/wp-json\/wp\/v2\/pages"}],"about":[{"href":"https:\/\/adneventos.pt\/en\/wp-json\/wp\/v2\/types\/page"}],"author":[{"embeddable":true,"href":"https:\/\/adneventos.pt\/en\/wp-json\/wp\/v2\/users\/1"}],"replies":[{"embeddable":true,"href":"https:\/\/adneventos.pt\/en\/wp-json\/wp\/v2\/comments?post=90"}],"version-history":[{"count":64,"href":"https:\/\/adneventos.pt\/en\/wp-json\/wp\/v2\/pages\/90\/revisions"}],"predecessor-version":[{"id":2423,"href":"https:\/\/adneventos.pt\/en\/wp-json\/wp\/v2\/pages\/90\/revisions\/2423"}],"wp:attachment":[{"href":"https:\/\/adneventos.pt\/en\/wp-json\/wp\/v2\/media?parent=90"}],"curies":[{"name":"wp","href":"https:\/\/api.w.org\/{rel}","templated":true}]}}