{"id":110,"date":"2018-09-13T22:17:59","date_gmt":"2018-09-13T22:17:59","guid":{"rendered":"https:\/\/adneventos.pt\/?page_id=110"},"modified":"2018-11-20T18:38:35","modified_gmt":"2018-11-20T18:38:35","slug":"feiras-e-congressos","status":"publish","type":"page","link":"https:\/\/adneventos.pt\/es\/feiras-e-congressos\/","title":{"rendered":"Feiras e Congressos"},"content":{"rendered":"<p>[et_pb_section bb_built=&#8221;1&#8243; admin_label=&#8221;Packages&#8221; custom_padding_last_edited=&#8221;on|tablet&#8221; _builder_version=&#8221;3.0.76&#8243; custom_padding=&#8221;110px||110px|&#8221; custom_padding_tablet=&#8221;0px||0px|&#8221; next_background_color=&#8221;rgba(0,0,0,0.5)&#8221;][et_pb_row admin_label=&#8221;Packages Title&#8221; custom_padding=&#8221;30px|0px|120px|0px&#8221; custom_padding_tablet=&#8221;60px||0px|&#8221; custom_padding_last_edited=&#8221;on|phone&#8221; _builder_version=&#8221;3.0.76&#8243; locked=&#8221;off&#8221;][et_pb_column type=&#8221;4_4&#8243;][et_pb_text admin_label=&#8221;Feiras e Congressos &#8211; Title&#8221; _builder_version=&#8221;3.14&#8243; text_font=&#8221;||||&#8221; text_text_color=&#8221;#1a1a1a&#8221; header_font=&#8221;Oswald|on||on|&#8221; header_text_align=&#8221;center&#8221; header_font_size=&#8221;60px&#8221; header_line_height=&#8221;1.3em&#8221; module_alignment=&#8221;center&#8221; custom_margin=&#8221;|||&#8221; custom_padding=&#8221;|||&#8221; animation_style=&#8221;slide&#8221; animation_direction=&#8221;top&#8221; animation_intensity_slide=&#8221;10%&#8221; locked=&#8221;off&#8221; header_font_size_tablet=&#8221;30px&#8221; header_font_size_last_edited=&#8221;on|tablet&#8221;]<\/p>\n<h1>Feiras e Congressos<\/h1>\n<p>[\/et_pb_text][et_pb_divider color=&#8221;#ed4441&#8243; divider_position=&#8221;center&#8221; divider_weight=&#8221;3px&#8221; height=&#8221;false&#8221; disabled_on=&#8221;off|off|off&#8221; _builder_version=&#8221;3.2&#8243; max_width=&#8221;150px&#8221; module_alignment=&#8221;center&#8221; custom_margin=&#8221;30px|||&#8221; animation_style=&#8221;slide&#8221; animation_direction=&#8221;top&#8221; animation_delay=&#8221;100ms&#8221; animation_intensity_slide=&#8221;10%&#8221; locked=&#8221;off&#8221; \/][\/et_pb_column][\/et_pb_row][et_pb_row admin_label=&#8221;Package&#8221; _builder_version=&#8221;3.0.67&#8243; background_size=&#8221;initial&#8221; background_position=&#8221;top_left&#8221; background_repeat=&#8221;repeat&#8221;][et_pb_column type=&#8221;1_2&#8243;][et_pb_image admin_label=&#8221;Congressos&#8221; src=&#8221;https:\/\/adneventos.pt\/wp-content\/uploads\/2018\/10\/SITE-SERVI\u00c7OS-CONGRESSOS-e1539682739932.jpeg&#8221; _builder_version=&#8221;3.14&#8243; animation_style=&#8221;fold&#8221; animation_direction=&#8221;right&#8221; animation_intensity_fold=&#8221;20%&#8221; alt=&#8221;feiras-e-congressos-ADN-Eventos&#8221; title_text=&#8221;Feiras e Congressos ADN Eventos&#8221; \/][\/et_pb_column][et_pb_column type=&#8221;1_2&#8243;][et_pb_text admin_label=&#8221;Package Title&#8221; _builder_version=&#8221;3.14&#8243; text_font=&#8221;Oswald||||&#8221; text_text_color=&#8221;#1a1a1a&#8221; text_font_size=&#8221;24px&#8221; background_size=&#8221;initial&#8221; background_position=&#8221;top_left&#8221; background_repeat=&#8221;repeat&#8221; animation_style=&#8221;zoom&#8221; animation_direction=&#8221;left&#8221; animation_intensity_zoom=&#8221;10%&#8221;]<\/p>\n<h2>Congressos<\/h2>\n<p>[\/et_pb_text][et_pb_text admin_label=&#8221;Description&#8221; _builder_version=&#8221;3.14&#8243; text_font=&#8221;Roboto||||&#8221; text_font_size=&#8221;16px&#8221; text_line_height=&#8221;1.8em&#8221; background_size=&#8221;initial&#8221; background_position=&#8221;top_left&#8221; background_repeat=&#8221;repeat&#8221; animation_style=&#8221;zoom&#8221; animation_direction=&#8221;left&#8221; animation_delay=&#8221;100ms&#8221; animation_intensity_zoom=&#8221;10%&#8221;]<\/p>\n<p>Desenvolvimento do conceito criativo, design, audiovisuais, sele\u00e7\u00e3o do espa\u00e7o e toda a log\u00edstica do congresso ou confer\u00eancia.<\/p>\n<p>[\/et_pb_text][\/et_pb_column][\/et_pb_row][et_pb_row admin_label=&#8221;Package&#8221; _builder_version=&#8221;3.0.67&#8243; background_size=&#8221;initial&#8221; background_position=&#8221;top_left&#8221; background_repeat=&#8221;repeat&#8221;][et_pb_column type=&#8221;1_2&#8243;][et_pb_image admin_label=&#8221;Design criativo de Stands em 3D &#8221; src=&#8221;https:\/\/adneventos.pt\/wp-content\/uploads\/2018\/10\/SITE-SERVI\u00c7OS-FEIRAS-E-CONGRESSOS-DESIGN-CRIATIVO-e1539682811972.png&#8221; _builder_version=&#8221;3.14&#8243; animation_style=&#8221;fold&#8221; animation_direction=&#8221;right&#8221; animation_intensity_fold=&#8221;20%&#8221; alt=&#8221;3d-design-criativo-feiras-e-congressos-ADN-Eventos&#8221; title_text=&#8221;3D Design Criativo Feiras e Congressos ADN Eventos&#8221; \/][\/et_pb_column][et_pb_column type=&#8221;1_2&#8243;][et_pb_text admin_label=&#8221;Package Title&#8221; _builder_version=&#8221;3.14&#8243; text_font=&#8221;Oswald||||&#8221; text_text_color=&#8221;#1a1a1a&#8221; text_font_size=&#8221;24px&#8221; background_size=&#8221;initial&#8221; background_position=&#8221;top_left&#8221; background_repeat=&#8221;repeat&#8221; animation_style=&#8221;zoom&#8221; animation_direction=&#8221;left&#8221; animation_intensity_zoom=&#8221;10%&#8221;]<\/p>\n<h2>3D Design Criativo<\/h2>\n<p>[\/et_pb_text][et_pb_text admin_label=&#8221;Description&#8221; _builder_version=&#8221;3.14&#8243; text_font=&#8221;Roboto||||&#8221; text_font_size=&#8221;16px&#8221; text_line_height=&#8221;1.8em&#8221; background_size=&#8221;initial&#8221; background_position=&#8221;top_left&#8221; background_repeat=&#8221;repeat&#8221; animation_style=&#8221;zoom&#8221; animation_direction=&#8221;left&#8221; animation_delay=&#8221;100ms&#8221; animation_intensity_zoom=&#8221;10%&#8221;]<\/p>\n<p>Participamos no desenvolvimento do conceito, fazemos a proposta criativa do stand em 3D, produ\u00e7\u00e3o e montagem do stand. Fazemos servi\u00e7os chave na m\u00e3o.<\/p>\n<p>[\/et_pb_text][\/et_pb_column][\/et_pb_row][et_pb_row admin_label=&#8221;Package&#8221; _builder_version=&#8221;3.0.76&#8243; background_size=&#8221;initial&#8221; background_position=&#8221;top_left&#8221; background_repeat=&#8221;repeat&#8221;][et_pb_column type=&#8221;1_2&#8243;][et_pb_image admin_label=&#8221;Plano de Comunica\u00e7\u00e3o&#8221; src=&#8221;https:\/\/adneventos.pt\/wp-content\/uploads\/2018\/09\/travel-landscape-20-e1539682969439.jpg&#8221; _builder_version=&#8221;3.14&#8243; animation_style=&#8221;fold&#8221; animation_direction=&#8221;right&#8221; animation_intensity_fold=&#8221;20%&#8221; alt=&#8221;Plano-de-comunicacao-feiras-e-congressos-ADN-Eventos&#8221; title_text=&#8221;Plano de Comunica\u00e7\u00e3o Feiras e Congressos ADN Eventos&#8221; \/][\/et_pb_column][et_pb_column type=&#8221;1_2&#8243;][et_pb_text admin_label=&#8221;Package Title&#8221; _builder_version=&#8221;3.14&#8243; text_font=&#8221;Oswald||||&#8221; text_text_color=&#8221;#1a1a1a&#8221; text_font_size=&#8221;24px&#8221; background_size=&#8221;initial&#8221; background_position=&#8221;top_left&#8221; background_repeat=&#8221;repeat&#8221; animation_style=&#8221;zoom&#8221; animation_direction=&#8221;left&#8221; animation_intensity_zoom=&#8221;10%&#8221;]<\/p>\n<h2>Plano de Comunica\u00e7\u00e3o<\/h2>\n<p>[\/et_pb_text][et_pb_text admin_label=&#8221;Description&#8221; _builder_version=&#8221;3.14&#8243; text_font=&#8221;Roboto||||&#8221; text_font_size=&#8221;16px&#8221; text_line_height=&#8221;1.8em&#8221; background_size=&#8221;initial&#8221; background_position=&#8221;top_left&#8221; background_repeat=&#8221;repeat&#8221; animation_style=&#8221;zoom&#8221; animation_direction=&#8221;left&#8221; animation_delay=&#8221;100ms&#8221; animation_intensity_zoom=&#8221;10%&#8221;]<\/p>\n<p>Desenvolvemos o plano de comunica\u00e7\u00e3o completo da feira ou congresso.<\/p>\n<p>[\/et_pb_text][\/et_pb_column][\/et_pb_row][\/et_pb_section][et_pb_section bb_built=&#8221;1&#8243; admin_label=&#8221;Offer&#8221; custom_padding_last_edited=&#8221;on|phone&#8221; _builder_version=&#8221;3.14&#8243; background_color=&#8221;rgba(0,0,0,0.5)&#8221; background_image=&#8221;https:\/\/adneventos.pt\/wp-content\/uploads\/2018\/10\/Servi\u00e7os_Feiras-e-congressos-_-conheca-o-nosso-portfolio-min.jpg&#8221; background_blend=&#8221;color&#8221; custom_padding=&#8221;54px||54px||false|false&#8221; custom_padding_tablet=&#8221;80px||80px|&#8221; locked=&#8221;off&#8221; prev_background_color=&#8221;#ffffff&#8221; next_background_color=&#8221;#ffffff&#8221;][et_pb_row custom_margin=&#8221;|||&#8221; _builder_version=&#8221;3.14&#8243;][et_pb_column type=&#8221;4_4&#8243;][et_pb_text admin_label=&#8221;CTA Portf\u00f3lio!&#8221; _builder_version=&#8221;3.14&#8243; text_font=&#8221;||||&#8221; header_font=&#8221;Oswald|on||on|&#8221; header_text_align=&#8221;center&#8221; header_font_size=&#8221;60px&#8221; header_line_height=&#8221;1.3em&#8221; header_3_font=&#8221;Oswald|700||on|||||&#8221; header_3_text_align=&#8221;center&#8221; header_3_font_size=&#8221;60px&#8221; background_layout=&#8221;dark&#8221; module_alignment=&#8221;center&#8221; custom_margin=&#8221;|||&#8221; custom_padding=&#8221;|||&#8221; animation_style=&#8221;zoom&#8221; animation_delay=&#8221;100ms&#8221; animation_intensity_zoom=&#8221;20%&#8221; locked=&#8221;off&#8221; header_3_font_size_tablet=&#8221;30px&#8221; header_3_font_size_last_edited=&#8221;on|tablet&#8221;]<\/p>\n<h3>Conhe\u00e7a o Nosso Portf\u00f3lio!<\/h3>\n<p>[\/et_pb_text][et_pb_divider color=&#8221;#ffffff&#8221; divider_position=&#8221;center&#8221; divider_weight=&#8221;3px&#8221; height=&#8221;false&#8221; disabled_on=&#8221;off|off|off&#8221; _builder_version=&#8221;3.2&#8243; max_width=&#8221;150px&#8221; module_alignment=&#8221;center&#8221; animation_style=&#8221;zoom&#8221; animation_delay=&#8221;200ms&#8221; animation_intensity_zoom=&#8221;20%&#8221; locked=&#8221;off&#8221; \/][et_pb_button admin_label=&#8221;CTA Portf\u00f3lio&#8221; button_url=&#8221;\/portfolio\/&#8221; button_text=&#8221;Ver o Portf\u00f3lio!&#8221; button_alignment=&#8221;center&#8221; _builder_version=&#8221;3.14&#8243; custom_button=&#8221;on&#8221; button_text_color=&#8221;#ffffff&#8221; button_border_radius=&#8221;0px&#8221; button_letter_spacing=&#8221;4px&#8221; button_font=&#8221;Oswald|on||on|&#8221; button_icon=&#8221;%%3%%&#8221; button_icon_color=&#8221;#ffffff&#8221; button_bg_color_hover=&#8221;rgba(0,0,0,0)&#8221; button_border_color_hover=&#8221;#ffffff&#8221; button_border_radius_hover=&#8221;0px&#8221; button_letter_spacing_hover=&#8221;4px&#8221; background_layout=&#8221;dark&#8221; animation_style=&#8221;zoom&#8221; animation_delay=&#8221;400ms&#8221; animation_intensity_zoom=&#8221;20%&#8221; \/][\/et_pb_column][\/et_pb_row][\/et_pb_section][et_pb_section bb_built=&#8221;1&#8243; admin_label=&#8221;CTA&#8221; _builder_version=&#8221;3.14&#8243; background_image=&#8221;https:\/\/adneventos.pt\/wp-content\/uploads\/2018\/09\/travel-landscape-19.jpg&#8221; parallax=&#8221;on&#8221; custom_margin=&#8221;|||&#8221; custom_padding=&#8221;0px|||&#8221; prev_background_color=&#8221;rgba(0,0,0,0.5)&#8221; global_module=&#8221;417&#8243;][et_pb_row global_parent=&#8221;417&#8243; custom_padding=&#8221;27px|0px|0|0px|false|false&#8221; module_id=&#8221;KeepInTouch&#8221; _builder_version=&#8221;3.14&#8243; background_size=&#8221;initial&#8221; background_position=&#8221;top_left&#8221; background_repeat=&#8221;repeat&#8221;][et_pb_column type=&#8221;4_4&#8243;][et_pb_text admin_label=&#8221;Keep In Touch&#8221; global_parent=&#8221;417&#8243; module_id=&#8221;contactos&#8221; _builder_version=&#8221;3.14&#8243; text_font=&#8221;Oswald|700||on|||||&#8221; text_text_color=&#8221;#ffffff&#8221; header_font=&#8221;Oswald|on||on|&#8221; header_text_align=&#8221;left&#8221; header_text_color=&#8221;#ffffff&#8221; header_font_size=&#8221;60px&#8221; header_line_height=&#8221;1.3em&#8221; header_4_font=&#8221;Oswald|700||on|||||&#8221; header_4_text_align=&#8221;left&#8221; header_4_text_color=&#8221;#ffffff&#8221; header_4_font_size=&#8221;60px&#8221; animation_style=&#8221;slide&#8221; animation_duration=&#8221;500ms&#8221; animation_intensity_slide=&#8221;10%&#8221; text_font_size=&#8221;60px&#8221; text_font_size_tablet=&#8221;30px&#8221; text_font_size_last_edited=&#8221;on|tablet&#8221;]<\/p>\n<p>Keep in touch!<\/p>\n<p>[\/et_pb_text][et_pb_text admin_label=&#8221;Keep in Touch Sub Title&#8221; global_parent=&#8221;417&#8243; _builder_version=&#8221;3.14&#8243; text_font=&#8221;Roboto||||&#8221; text_text_color=&#8221;#ffffff&#8221; text_font_size=&#8221;20px&#8221; text_line_height=&#8221;1.4em&#8221; animation_style=&#8221;slide&#8221; animation_direction=&#8221;top&#8221; animation_delay=&#8221;100ms&#8221; animation_intensity_slide=&#8221;10%&#8221;]<\/p>\n<p>Deixe os seus contactos e muito em breve entraremos em contacto consigo!<\/p>\n<p>[\/et_pb_text][\/et_pb_column][\/et_pb_row][et_pb_row global_parent=&#8221;417&#8243; custom_padding=&#8221;0|0px|0|0px|false|false&#8221; _builder_version=&#8221;3.0.69&#8243;][et_pb_column type=&#8221;1_2&#8243;][et_pb_text global_parent=&#8221;417&#8243; _builder_version=&#8221;3.14&#8243;] \n<div class=\"wpcf7 no-js\" id=\"wpcf7-f1640-o1\" lang=\"pt-PT\" dir=\"ltr\" data-wpcf7-id=\"1640\">\n<div class=\"screen-reader-response\"><p role=\"status\" aria-live=\"polite\" aria-atomic=\"true\"><\/p> <ul><\/ul><\/div>\n<form action=\"\/es\/wp-json\/wp\/v2\/pages\/110#wpcf7-f1640-o1\" method=\"post\" class=\"wpcf7-form init cf7-style cf7-style-167\" aria-label=\"Formul\u00e1rio de contacto\" novalidate=\"novalidate\" data-status=\"init\" data-trp-original-action=\"\/es\/wp-json\/wp\/v2\/pages\/110#wpcf7-f1640-o1\">\n<div style=\"display: none;\">\n<input type=\"hidden\" name=\"_wpcf7\" value=\"1640\" \/>\n<input type=\"hidden\" name=\"_wpcf7_version\" value=\"6.0.3\" \/>\n<input type=\"hidden\" name=\"_wpcf7_locale\" value=\"pt_PT\" \/>\n<input type=\"hidden\" name=\"_wpcf7_unit_tag\" value=\"wpcf7-f1640-o1\" \/>\n<input type=\"hidden\" name=\"_wpcf7_container_post\" value=\"0\" \/>\n<input type=\"hidden\" name=\"_wpcf7_posted_data_hash\" value=\"\" \/>\n<input type=\"hidden\" name=\"_wpcf7_recaptcha_response\" value=\"\" \/>\n<\/div>\n<p><span class=\"wpcf7-form-control-wrap\" data-name=\"nome\"><input size=\"40\" maxlength=\"400\" class=\"wpcf7-form-control wpcf7-text wpcf7-validates-as-required\" aria-required=\"true\" aria-invalid=\"false\" placeholder=\"Nome*\" value=\"\" type=\"text\" name=\"nome\" \/><\/span><br \/>\n<span class=\"wpcf7-form-control-wrap\" data-name=\"apelido\"><input size=\"40\" maxlength=\"400\" class=\"wpcf7-form-control wpcf7-text wpcf7-validates-as-required\" aria-required=\"true\" aria-invalid=\"false\" placeholder=\"Apelido*\" value=\"\" type=\"text\" name=\"apelido\" \/><\/span><br \/>\n<span class=\"wpcf7-form-control-wrap\" data-name=\"email\"><input size=\"40\" maxlength=\"400\" class=\"wpcf7-form-control wpcf7-email wpcf7-validates-as-required wpcf7-text wpcf7-validates-as-email\" aria-required=\"true\" aria-invalid=\"false\" placeholder=\"Email*\" value=\"\" type=\"email\" name=\"email\" \/><\/span><br \/>\n<span class=\"wpcf7-form-control-wrap\" data-name=\"telemovel\"><input size=\"40\" maxlength=\"400\" class=\"wpcf7-form-control wpcf7-text wpcf7-validates-as-required\" aria-required=\"true\" aria-invalid=\"false\" placeholder=\"Telem\u00f3vel*\" value=\"\" type=\"text\" name=\"telemovel\" \/><\/span><br \/>\n<span class=\"wpcf7-form-control-wrap\" data-name=\"mensagem\"><textarea cols=\"40\" rows=\"10\" maxlength=\"2000\" class=\"wpcf7-form-control wpcf7-textarea wpcf7-validates-as-required\" aria-required=\"true\" aria-invalid=\"false\" placeholder=\"Deixe aqui a sua Mensagem*\" name=\"mensagem\"><\/textarea><\/span>\n<\/p>\n<p><input class=\"wpcf7-form-control wpcf7-submit has-spinner\" type=\"submit\" value=\"Quero ser contactado!\" \/>\n<\/p><p style=\"display: none !important;\" class=\"akismet-fields-container\" data-prefix=\"_wpcf7_ak_\"><label>&#916;<textarea name=\"_wpcf7_ak_hp_textarea\" cols=\"45\" rows=\"8\" maxlength=\"100\"><\/textarea><\/label><input type=\"hidden\" id=\"ak_js_1\" name=\"_wpcf7_ak_js\" value=\"247\"\/><script>document.getElementById( \"ak_js_1\" ).setAttribute( \"value\", ( new Date() ).getTime() );<\/script><\/p><div class=\"wpcf7-response-output\" aria-hidden=\"true\"><\/div>\n<input type=\"hidden\" name=\"trp-form-language\" value=\"es\"\/><\/form>\n<\/div>\n [\/et_pb_text][\/et_pb_column][et_pb_column type=&#8221;1_2&#8243;][\/et_pb_column][\/et_pb_row][\/et_pb_section]<\/p>","protected":false},"excerpt":{"rendered":"<p>Feiras e Congressos Congressos Desenvolvimento do conceito criativo, design, audiovisuais, sele\u00e7\u00e3o do espa\u00e7o e toda a log\u00edstica do congresso ou confer\u00eancia. 3D Design Criativo Participamos no desenvolvimento do conceito, fazemos a proposta criativa do stand em 3D, produ\u00e7\u00e3o e montagem do stand. Fazemos servi\u00e7os chave na m\u00e3o. Plano de Comunica\u00e7\u00e3o Desenvolvemos o plano de comunica\u00e7\u00e3o [&hellip;]<\/p>","protected":false},"author":1,"featured_media":0,"parent":0,"menu_order":0,"comment_status":"closed","ping_status":"closed","template":"","meta":{"_et_pb_use_builder":"on","_et_pb_old_content":"","_et_gb_content_width":"","_monsterinsights_skip_tracking":false,"_monsterinsights_sitenote_active":false,"_monsterinsights_sitenote_note":"","_monsterinsights_sitenote_category":0,"footnotes":""},"class_list":["post-110","page","type-page","status-publish","hentry"],"yoast_head":"<!-- This site is optimized with the Yoast SEO plugin v24.3 - https:\/\/yoast.com\/wordpress\/plugins\/seo\/ -->\n<title>Feiras e Congressos em Portugal - Servi\u00e7os | ADN Eventos<\/title>\n<meta name=\"description\" content=\"Desenvolvemos o conceito para feiras e congressos da sua empresa, elaboramos um plano de comunica\u00e7\u00e3o focado na sua marca para que se destaque das demais...\" \/>\n<meta name=\"robots\" content=\"index, follow, max-snippet:-1, max-image-preview:large, max-video-preview:-1\" \/>\n<link rel=\"canonical\" href=\"https:\/\/adneventos.pt\/es\/feiras-e-congressos\/\" \/>\n<meta property=\"og:locale\" content=\"es_ES\" \/>\n<meta property=\"og:type\" content=\"article\" \/>\n<meta property=\"og:title\" content=\"Feiras e Congressos em Portugal - Servi\u00e7os | ADN Eventos\" \/>\n<meta property=\"og:description\" content=\"Desenvolvemos o conceito para feiras e congressos da sua empresa, elaboramos um plano de comunica\u00e7\u00e3o focado na sua marca para que se destaque das demais...\" \/>\n<meta property=\"og:url\" content=\"https:\/\/adneventos.pt\/es\/feiras-e-congressos\/\" \/>\n<meta property=\"og:site_name\" content=\"ADN Eventos\" \/>\n<meta property=\"article:modified_time\" content=\"2018-11-20T18:38:35+00:00\" \/>\n<meta name=\"twitter:card\" content=\"summary_large_image\" \/>\n<meta name=\"twitter:label1\" content=\"Tiempo de lectura\" \/>\n\t<meta name=\"twitter:data1\" content=\"6 minutos\" \/>\n<script type=\"application\/ld+json\" class=\"yoast-schema-graph\">{\"@context\":\"https:\/\/schema.org\",\"@graph\":[{\"@type\":\"WebPage\",\"@id\":\"https:\/\/adneventos.pt\/feiras-e-congressos\/\",\"url\":\"https:\/\/adneventos.pt\/feiras-e-congressos\/\",\"name\":\"Feiras e Congressos em Portugal - Servi\u00e7os | ADN Eventos\",\"isPartOf\":{\"@id\":\"https:\/\/adneventos.pt\/#website\"},\"datePublished\":\"2018-09-13T22:17:59+00:00\",\"dateModified\":\"2018-11-20T18:38:35+00:00\",\"description\":\"Desenvolvemos o conceito para feiras e congressos da sua empresa, elaboramos um plano de comunica\u00e7\u00e3o focado na sua marca para que se destaque das demais...\",\"breadcrumb\":{\"@id\":\"https:\/\/adneventos.pt\/feiras-e-congressos\/#breadcrumb\"},\"inLanguage\":\"es\",\"potentialAction\":[{\"@type\":\"ReadAction\",\"target\":[\"https:\/\/adneventos.pt\/feiras-e-congressos\/\"]}]},{\"@type\":\"BreadcrumbList\",\"@id\":\"https:\/\/adneventos.pt\/feiras-e-congressos\/#breadcrumb\",\"itemListElement\":[{\"@type\":\"ListItem\",\"position\":1,\"name\":\"In\u00edcio\",\"item\":\"https:\/\/adneventos.pt\/\"},{\"@type\":\"ListItem\",\"position\":2,\"name\":\"Feiras e Congressos\"}]},{\"@type\":\"WebSite\",\"@id\":\"https:\/\/adneventos.pt\/#website\",\"url\":\"https:\/\/adneventos.pt\/\",\"name\":\"ADN Eventos\",\"description\":\"A sua ag\u00eancia de eventos e comunica\u00e7\u00e3o!\",\"potentialAction\":[{\"@type\":\"SearchAction\",\"target\":{\"@type\":\"EntryPoint\",\"urlTemplate\":\"https:\/\/adneventos.pt\/?s={search_term_string}\"},\"query-input\":{\"@type\":\"PropertyValueSpecification\",\"valueRequired\":true,\"valueName\":\"search_term_string\"}}],\"inLanguage\":\"es\"}]}<\/script>\n<!-- \/ Yoast SEO plugin. -->","yoast_head_json":{"title":"Feiras e Congressos em Portugal - Servi\u00e7os | ADN Eventos","description":"Desenvolvemos o conceito para feiras e congressos da sua empresa, elaboramos um plano de comunica\u00e7\u00e3o focado na sua marca para que se destaque das demais...","robots":{"index":"index","follow":"follow","max-snippet":"max-snippet:-1","max-image-preview":"max-image-preview:large","max-video-preview":"max-video-preview:-1"},"canonical":"https:\/\/adneventos.pt\/es\/feiras-e-congressos\/","og_locale":"es_ES","og_type":"article","og_title":"Feiras e Congressos em Portugal - Servi\u00e7os | ADN Eventos","og_description":"Desenvolvemos o conceito para feiras e congressos da sua empresa, elaboramos um plano de comunica\u00e7\u00e3o focado na sua marca para que se destaque das demais...","og_url":"https:\/\/adneventos.pt\/es\/feiras-e-congressos\/","og_site_name":"ADN Eventos","article_modified_time":"2018-11-20T18:38:35+00:00","twitter_card":"summary_large_image","twitter_misc":{"Tiempo de lectura":"6 minutos"},"schema":{"@context":"https:\/\/schema.org","@graph":[{"@type":"WebPage","@id":"https:\/\/adneventos.pt\/feiras-e-congressos\/","url":"https:\/\/adneventos.pt\/feiras-e-congressos\/","name":"Feiras e Congressos em Portugal - Servi\u00e7os | ADN Eventos","isPartOf":{"@id":"https:\/\/adneventos.pt\/#website"},"datePublished":"2018-09-13T22:17:59+00:00","dateModified":"2018-11-20T18:38:35+00:00","description":"Desenvolvemos o conceito para feiras e congressos da sua empresa, elaboramos um plano de comunica\u00e7\u00e3o focado na sua marca para que se destaque das demais...","breadcrumb":{"@id":"https:\/\/adneventos.pt\/feiras-e-congressos\/#breadcrumb"},"inLanguage":"es","potentialAction":[{"@type":"ReadAction","target":["https:\/\/adneventos.pt\/feiras-e-congressos\/"]}]},{"@type":"BreadcrumbList","@id":"https:\/\/adneventos.pt\/feiras-e-congressos\/#breadcrumb","itemListElement":[{"@type":"ListItem","position":1,"name":"In\u00edcio","item":"https:\/\/adneventos.pt\/"},{"@type":"ListItem","position":2,"name":"Feiras e Congressos"}]},{"@type":"WebSite","@id":"https:\/\/adneventos.pt\/#website","url":"https:\/\/adneventos.pt\/","name":"ADN Eventos","description":"A sua ag\u00eancia de eventos e comunica\u00e7\u00e3o!","potentialAction":[{"@type":"SearchAction","target":{"@type":"EntryPoint","urlTemplate":"https:\/\/adneventos.pt\/?s={search_term_string}"},"query-input":{"@type":"PropertyValueSpecification","valueRequired":true,"valueName":"search_term_string"}}],"inLanguage":"es"}]}},"_links":{"self":[{"href":"https:\/\/adneventos.pt\/es\/wp-json\/wp\/v2\/pages\/110","targetHints":{"allow":["GET"]}}],"collection":[{"href":"https:\/\/adneventos.pt\/es\/wp-json\/wp\/v2\/pages"}],"about":[{"href":"https:\/\/adneventos.pt\/es\/wp-json\/wp\/v2\/types\/page"}],"author":[{"embeddable":true,"href":"https:\/\/adneventos.pt\/es\/wp-json\/wp\/v2\/users\/1"}],"replies":[{"embeddable":true,"href":"https:\/\/adneventos.pt\/es\/wp-json\/wp\/v2\/comments?post=110"}],"version-history":[{"count":23,"href":"https:\/\/adneventos.pt\/es\/wp-json\/wp\/v2\/pages\/110\/revisions"}],"predecessor-version":[{"id":1120,"href":"https:\/\/adneventos.pt\/es\/wp-json\/wp\/v2\/pages\/110\/revisions\/1120"}],"wp:attachment":[{"href":"https:\/\/adneventos.pt\/es\/wp-json\/wp\/v2\/media?parent=110"}],"curies":[{"name":"wp","href":"https:\/\/api.w.org\/{rel}","templated":true}]}}