{"id":114,"date":"2018-09-13T22:23:02","date_gmt":"2018-09-13T22:23:02","guid":{"rendered":"https:\/\/adneventos.pt\/?page_id=114"},"modified":"2025-01-30T15:14:59","modified_gmt":"2025-01-30T15:14:59","slug":"portfolio","status":"publish","type":"page","link":"https:\/\/adneventos.pt\/es\/portfolio\/","title":{"rendered":"Portf\u00f3lio"},"content":{"rendered":"<p>[et_pb_section bb_built=&#8221;1&#8243; admin_label=&#8221;Shop&#8221; custom_padding_last_edited=&#8221;on|phone&#8221; _builder_version=&#8221;3.0.76&#8243; custom_padding=&#8221;70px||0||false|false&#8221; custom_padding_tablet=&#8221;60px||0px|&#8221; next_background_color=&#8221;#000000&#8243;][et_pb_row admin_label=&#8221;Shop Title&#8221; custom_padding=&#8221;30px|0px|120px|0px&#8221; custom_padding_tablet=&#8221;0px||0px|&#8221; custom_padding_last_edited=&#8221;on|phone&#8221; _builder_version=&#8221;3.0.76&#8243; background_size=&#8221;initial&#8221; background_position=&#8221;top_left&#8221; background_repeat=&#8221;repeat&#8221;][et_pb_column type=&#8221;4_4&#8243;][et_pb_text admin_label=&#8221;Portf\u00f3lio&#8221; _builder_version=&#8221;3.14&#8243; text_text_color=&#8221;#1a1a1a&#8221; header_font=&#8221;Oswald|on||on|&#8221; header_text_align=&#8221;center&#8221; header_font_size=&#8221;60px&#8221; header_line_height=&#8221;1.3em&#8221; background_size=&#8221;initial&#8221; background_position=&#8221;top_left&#8221; background_repeat=&#8221;repeat&#8221; module_alignment=&#8221;center&#8221; custom_margin=&#8221;|||&#8221; custom_padding=&#8221;|||&#8221; animation_style=&#8221;slide&#8221; animation_direction=&#8221;top&#8221; animation_intensity_slide=&#8221;10%&#8221; locked=&#8221;off&#8221; header_font_size_tablet=&#8221;30px&#8221; header_font_size_last_edited=&#8221;on|phone&#8221;]<\/p>\n<h1>Portf\u00f3lio<\/h1>\n<p>[\/et_pb_text][et_pb_divider color=&#8221;#ed4441&#8243; divider_position=&#8221;center&#8221; divider_weight=&#8221;3px&#8221; height=&#8221;false&#8221; disabled_on=&#8221;off|off|off%22%22&#8243; _builder_version=&#8221;3.14&#8243; max_width=&#8221;150px&#8221; module_alignment=&#8221;center&#8221; custom_margin=&#8221;30px|||&#8221; animation_style=&#8221;slide&#8221; animation_direction=&#8221;top&#8221; animation_delay=&#8221;100ms&#8221; animation_intensity_slide=&#8221;10%&#8221; locked=&#8221;off&#8221; \/][\/et_pb_column][\/et_pb_row][\/et_pb_section][et_pb_section bb_built=&#8221;1&#8243; fullwidth=&#8221;on&#8221; _builder_version=&#8221;3.0.47&#8243; prev_background_color=&#8221;#000000&#8243; next_background_color=&#8221;#000000&#8243;][et_pb_fullwidth_portfolio fullwidth=&#8221;off&#8221; include_categories=&#8221;14&#8243; posts_number=&#8221;16&#8243; show_date=&#8221;off&#8221; _builder_version=&#8221;3.14&#8243; \/][\/et_pb_section][et_pb_section bb_built=&#8221;1&#8243; admin_label=&#8221;CTA&#8221; _builder_version=&#8221;3.14&#8243; background_image=&#8221;https:\/\/adneventos.pt\/wp-content\/uploads\/2018\/09\/travel-landscape-19.jpg&#8221; parallax=&#8221;on&#8221; custom_margin=&#8221;|||&#8221; custom_padding=&#8221;0px|||&#8221; prev_background_color=&#8221;#ffffff&#8221; global_module=&#8221;417&#8243;][et_pb_row global_parent=&#8221;417&#8243; custom_padding=&#8221;27px|0px|0|0px|false|false&#8221; module_id=&#8221;KeepInTouch&#8221; _builder_version=&#8221;3.14&#8243; background_size=&#8221;initial&#8221; background_position=&#8221;top_left&#8221; background_repeat=&#8221;repeat&#8221;][et_pb_column type=&#8221;4_4&#8243;][et_pb_text admin_label=&#8221;Keep In Touch&#8221; global_parent=&#8221;417&#8243; module_id=&#8221;contactos&#8221; _builder_version=&#8221;3.14&#8243; text_font=&#8221;Oswald|700||on|||||&#8221; text_text_color=&#8221;#ffffff&#8221; header_font=&#8221;Oswald|on||on|&#8221; header_text_align=&#8221;left&#8221; header_text_color=&#8221;#ffffff&#8221; header_font_size=&#8221;60px&#8221; header_line_height=&#8221;1.3em&#8221; header_4_font=&#8221;Oswald|700||on|||||&#8221; header_4_text_align=&#8221;left&#8221; header_4_text_color=&#8221;#ffffff&#8221; header_4_font_size=&#8221;60px&#8221; animation_style=&#8221;slide&#8221; animation_duration=&#8221;500ms&#8221; animation_intensity_slide=&#8221;10%&#8221; text_font_size=&#8221;60px&#8221; text_font_size_tablet=&#8221;30px&#8221; text_font_size_last_edited=&#8221;on|tablet&#8221;]<\/p>\n<p>Keep in touch!<\/p>\n<p>[\/et_pb_text][et_pb_text admin_label=&#8221;Keep in Touch Sub Title&#8221; global_parent=&#8221;417&#8243; _builder_version=&#8221;3.14&#8243; text_font=&#8221;Roboto||||&#8221; text_text_color=&#8221;#ffffff&#8221; text_font_size=&#8221;20px&#8221; text_line_height=&#8221;1.4em&#8221; animation_style=&#8221;slide&#8221; animation_direction=&#8221;top&#8221; animation_delay=&#8221;100ms&#8221; animation_intensity_slide=&#8221;10%&#8221;]<\/p>\n<p>Deixe os seus contactos e muito em breve entraremos em contacto consigo!<\/p>\n<p>[\/et_pb_text][\/et_pb_column][\/et_pb_row][et_pb_row global_parent=&#8221;417&#8243; custom_padding=&#8221;0|0px|0|0px|false|false&#8221; _builder_version=&#8221;3.0.69&#8243;][et_pb_column type=&#8221;1_2&#8243;][et_pb_text global_parent=&#8221;417&#8243; _builder_version=&#8221;3.14&#8243;] <p class=\"wpcf7-contact-form-not-found\"><strong>Error:<\/strong> Formulario de contacto no encontrado.<\/p> [\/et_pb_text][\/et_pb_column][et_pb_column type=&#8221;1_2&#8243;][\/et_pb_column][\/et_pb_row][\/et_pb_section]<\/p>","protected":false},"excerpt":{"rendered":"<p>Portf\u00f3lio Keep in touch! Deixe os seus contactos e muito em breve entraremos em contacto consigo! <p class=\"wpcf7-contact-form-not-found\"><strong>Error:<\/strong> Formulario de contacto no encontrado.<\/p><\/p>","protected":false},"author":1,"featured_media":0,"parent":0,"menu_order":0,"comment_status":"closed","ping_status":"closed","template":"","meta":{"_et_pb_use_builder":"on","_et_pb_old_content":"","_et_gb_content_width":"","_monsterinsights_skip_tracking":false,"_monsterinsights_sitenote_active":false,"_monsterinsights_sitenote_note":"","_monsterinsights_sitenote_category":0,"footnotes":""},"class_list":["post-114","page","type-page","status-publish","hentry"],"yoast_head":"<!-- This site is optimized with the Yoast SEO plugin v24.3 - https:\/\/yoast.com\/wordpress\/plugins\/seo\/ -->\n<title>Portf\u00f3lio - ADN Eventos<\/title>\n<meta name=\"description\" content=\"ADN Eventos - Conhe\u00e7a o Nosso Portf\u00f3lio!\" \/>\n<meta name=\"robots\" content=\"index, follow, max-snippet:-1, max-image-preview:large, max-video-preview:-1\" \/>\n<link rel=\"canonical\" href=\"https:\/\/adneventos.pt\/es\/portfolio\/\" \/>\n<meta property=\"og:locale\" content=\"es_ES\" \/>\n<meta property=\"og:type\" content=\"article\" \/>\n<meta property=\"og:title\" content=\"Portf\u00f3lio - ADN Eventos\" \/>\n<meta property=\"og:description\" content=\"ADN Eventos - Conhe\u00e7a o Nosso Portf\u00f3lio!\" \/>\n<meta property=\"og:url\" content=\"https:\/\/adneventos.pt\/es\/portfolio\/\" \/>\n<meta property=\"og:site_name\" content=\"ADN Eventos\" \/>\n<meta property=\"article:modified_time\" content=\"2025-01-30T15:14:59+00:00\" \/>\n<meta name=\"twitter:card\" content=\"summary_large_image\" \/>\n<meta name=\"twitter:label1\" content=\"Tiempo de lectura\" \/>\n\t<meta name=\"twitter:data1\" content=\"2 minutos\" \/>\n<script type=\"application\/ld+json\" class=\"yoast-schema-graph\">{\"@context\":\"https:\/\/schema.org\",\"@graph\":[{\"@type\":\"WebPage\",\"@id\":\"https:\/\/adneventos.pt\/portfolio\/\",\"url\":\"https:\/\/adneventos.pt\/portfolio\/\",\"name\":\"Portf\u00f3lio - ADN Eventos\",\"isPartOf\":{\"@id\":\"https:\/\/adneventos.pt\/#website\"},\"datePublished\":\"2018-09-13T22:23:02+00:00\",\"dateModified\":\"2025-01-30T15:14:59+00:00\",\"description\":\"ADN Eventos - Conhe\u00e7a o Nosso Portf\u00f3lio!\",\"breadcrumb\":{\"@id\":\"https:\/\/adneventos.pt\/portfolio\/#breadcrumb\"},\"inLanguage\":\"es\",\"potentialAction\":[{\"@type\":\"ReadAction\",\"target\":[\"https:\/\/adneventos.pt\/portfolio\/\"]}]},{\"@type\":\"BreadcrumbList\",\"@id\":\"https:\/\/adneventos.pt\/portfolio\/#breadcrumb\",\"itemListElement\":[{\"@type\":\"ListItem\",\"position\":1,\"name\":\"In\u00edcio\",\"item\":\"https:\/\/adneventos.pt\/\"},{\"@type\":\"ListItem\",\"position\":2,\"name\":\"Portf\u00f3lio\"}]},{\"@type\":\"WebSite\",\"@id\":\"https:\/\/adneventos.pt\/#website\",\"url\":\"https:\/\/adneventos.pt\/\",\"name\":\"ADN Eventos\",\"description\":\"A sua ag\u00eancia de eventos e comunica\u00e7\u00e3o!\",\"potentialAction\":[{\"@type\":\"SearchAction\",\"target\":{\"@type\":\"EntryPoint\",\"urlTemplate\":\"https:\/\/adneventos.pt\/?s={search_term_string}\"},\"query-input\":{\"@type\":\"PropertyValueSpecification\",\"valueRequired\":true,\"valueName\":\"search_term_string\"}}],\"inLanguage\":\"es\"}]}<\/script>\n<!-- \/ Yoast SEO plugin. -->","yoast_head_json":{"title":"Portf\u00f3lio - ADN Eventos","description":"ADN Eventos - Conhe\u00e7a o Nosso Portf\u00f3lio!","robots":{"index":"index","follow":"follow","max-snippet":"max-snippet:-1","max-image-preview":"max-image-preview:large","max-video-preview":"max-video-preview:-1"},"canonical":"https:\/\/adneventos.pt\/es\/portfolio\/","og_locale":"es_ES","og_type":"article","og_title":"Portf\u00f3lio - ADN Eventos","og_description":"ADN Eventos - Conhe\u00e7a o Nosso Portf\u00f3lio!","og_url":"https:\/\/adneventos.pt\/es\/portfolio\/","og_site_name":"ADN Eventos","article_modified_time":"2025-01-30T15:14:59+00:00","twitter_card":"summary_large_image","twitter_misc":{"Tiempo de lectura":"2 minutos"},"schema":{"@context":"https:\/\/schema.org","@graph":[{"@type":"WebPage","@id":"https:\/\/adneventos.pt\/portfolio\/","url":"https:\/\/adneventos.pt\/portfolio\/","name":"Portf\u00f3lio - ADN Eventos","isPartOf":{"@id":"https:\/\/adneventos.pt\/#website"},"datePublished":"2018-09-13T22:23:02+00:00","dateModified":"2025-01-30T15:14:59+00:00","description":"ADN Eventos - Conhe\u00e7a o Nosso Portf\u00f3lio!","breadcrumb":{"@id":"https:\/\/adneventos.pt\/portfolio\/#breadcrumb"},"inLanguage":"es","potentialAction":[{"@type":"ReadAction","target":["https:\/\/adneventos.pt\/portfolio\/"]}]},{"@type":"BreadcrumbList","@id":"https:\/\/adneventos.pt\/portfolio\/#breadcrumb","itemListElement":[{"@type":"ListItem","position":1,"name":"In\u00edcio","item":"https:\/\/adneventos.pt\/"},{"@type":"ListItem","position":2,"name":"Portf\u00f3lio"}]},{"@type":"WebSite","@id":"https:\/\/adneventos.pt\/#website","url":"https:\/\/adneventos.pt\/","name":"ADN Eventos","description":"A sua ag\u00eancia de eventos e comunica\u00e7\u00e3o!","potentialAction":[{"@type":"SearchAction","target":{"@type":"EntryPoint","urlTemplate":"https:\/\/adneventos.pt\/?s={search_term_string}"},"query-input":{"@type":"PropertyValueSpecification","valueRequired":true,"valueName":"search_term_string"}}],"inLanguage":"es"}]}},"_links":{"self":[{"href":"https:\/\/adneventos.pt\/es\/wp-json\/wp\/v2\/pages\/114","targetHints":{"allow":["GET"]}}],"collection":[{"href":"https:\/\/adneventos.pt\/es\/wp-json\/wp\/v2\/pages"}],"about":[{"href":"https:\/\/adneventos.pt\/es\/wp-json\/wp\/v2\/types\/page"}],"author":[{"embeddable":true,"href":"https:\/\/adneventos.pt\/es\/wp-json\/wp\/v2\/users\/1"}],"replies":[{"embeddable":true,"href":"https:\/\/adneventos.pt\/es\/wp-json\/wp\/v2\/comments?post=114"}],"version-history":[{"count":19,"href":"https:\/\/adneventos.pt\/es\/wp-json\/wp\/v2\/pages\/114\/revisions"}],"predecessor-version":[{"id":1568,"href":"https:\/\/adneventos.pt\/es\/wp-json\/wp\/v2\/pages\/114\/revisions\/1568"}],"wp:attachment":[{"href":"https:\/\/adneventos.pt\/es\/wp-json\/wp\/v2\/media?parent=114"}],"curies":[{"name":"wp","href":"https:\/\/api.w.org\/{rel}","templated":true}]}}